{"id":968,"date":"2023-10-30T09:41:00","date_gmt":"2023-10-30T08:41:00","guid":{"rendered":"https:\/\/nueva.milanocosmetics.it\/?post_type=product&#038;p=968"},"modified":"2024-11-28T09:22:47","modified_gmt":"2024-11-28T08:22:47","slug":"maschera-anti-frizz-250ml","status":"publish","type":"product","link":"http:\/\/nueva.milanocosmetics.it\/fr\/producto\/masque-zero-lissant-250ml\/","title":{"rendered":"MASQUE LISSANT 250ml"},"content":{"rendered":"<p><span style=\"color: #000000;\">Masque capillaire anti-frisottis \u00e0 la BioK\u00e9ratine v\u00e9g\u00e9tale, k\u00e9ratine d'origine totalement v\u00e9g\u00e9tale et similaire \u00e0 la k\u00e9ratine naturelle, qui intensifie et optimise l'action de ses principes actifs sur les cheveux les plus difficiles et exigeants. Am\u00e9liore vos cheveux tout en facilitant le lissage. L'absorption rapide garantit son efficacit\u00e9 et rend vos cheveux plus lisses. <\/span><\/p>\n<p><span style=\"color: #000000;\">Propri\u00e9t\u00e9s :<\/span><\/p>\n<ul>\n<li><span style=\"color: #000000;\">Restructurant et nourrissant<\/span><\/li>\n<li><span style=\"color: #000000;\">Apporte douceur et brillance<\/span><\/li>\n<\/ul>","protected":false},"excerpt":{"rendered":"<p><span style=\"color: #000000;\">Lisse et nourrit les cheveux<\/span><\/p>","protected":false},"featured_media":13221,"comment_status":"open","ping_status":"closed","template":"","meta":{"_acf_changed":false,"_seopress_robots_primary_cat":"none","_seopress_titles_title":"","_seopress_titles_desc":"","_seopress_robots_index":""},"product_cat":[57,24],"product_tag":[85,82],"class_list":{"0":"post-968","1":"product","2":"type-product","3":"status-publish","4":"has-post-thumbnail","6":"product_cat-linea-femminile","7":"product_cat-maschera","8":"product_tag-cabello-liso","9":"product_tag-cabello-menos-encrespado","11":"first","12":"instock","13":"purchasable","14":"product-type-simple"},"acf":[],"_links":{"self":[{"href":"http:\/\/nueva.milanocosmetics.it\/fr\/wp-json\/wp\/v2\/product\/968","targetHints":{"allow":["GET"]}}],"collection":[{"href":"http:\/\/nueva.milanocosmetics.it\/fr\/wp-json\/wp\/v2\/product"}],"about":[{"href":"http:\/\/nueva.milanocosmetics.it\/fr\/wp-json\/wp\/v2\/types\/product"}],"replies":[{"embeddable":true,"href":"http:\/\/nueva.milanocosmetics.it\/fr\/wp-json\/wp\/v2\/comments?post=968"}],"version-history":[{"count":0,"href":"http:\/\/nueva.milanocosmetics.it\/fr\/wp-json\/wp\/v2\/product\/968\/revisions"}],"wp:featuredmedia":[{"embeddable":true,"href":"http:\/\/nueva.milanocosmetics.it\/fr\/wp-json\/wp\/v2\/media\/13221"}],"wp:attachment":[{"href":"http:\/\/nueva.milanocosmetics.it\/fr\/wp-json\/wp\/v2\/media?parent=968"}],"wp:term":[{"taxonomy":"product_cat","embeddable":true,"href":"http:\/\/nueva.milanocosmetics.it\/fr\/wp-json\/wp\/v2\/product_cat?post=968"},{"taxonomy":"product_tag","embeddable":true,"href":"http:\/\/nueva.milanocosmetics.it\/fr\/wp-json\/wp\/v2\/product_tag?post=968"}],"curies":[{"name":"wp","href":"https:\/\/api.w.org\/{rel}","templated":true}]}}