{"id":3,"date":"2019-09-06T10:20:24","date_gmt":"2019-09-06T08:20:24","guid":{"rendered":"http:\/\/milano.lapeluquerialowcost.com\/?page_id=3"},"modified":"2024-10-15T12:23:40","modified_gmt":"2024-10-15T10:23:40","slug":"politica-sulla-privacy","status":"publish","type":"page","link":"https:\/\/nueva.milanocosmetics.it\/en\/privacy-policy\/","title":{"rendered":"Privacy Policy"},"content":{"rendered":"<div data-elementor-type=\"wp-page\" data-elementor-id=\"3\" class=\"elementor elementor-3\" data-elementor-settings=\"{&quot;element_pack_global_tooltip_width&quot;:{&quot;unit&quot;:&quot;px&quot;,&quot;size&quot;:&quot;&quot;,&quot;sizes&quot;:[]},&quot;element_pack_global_tooltip_width_tablet&quot;:{&quot;unit&quot;:&quot;px&quot;,&quot;size&quot;:&quot;&quot;,&quot;sizes&quot;:[]},&quot;element_pack_global_tooltip_width_mobile&quot;:{&quot;unit&quot;:&quot;px&quot;,&quot;size&quot;:&quot;&quot;,&quot;sizes&quot;:[]},&quot;element_pack_global_tooltip_padding&quot;:{&quot;unit&quot;:&quot;px&quot;,&quot;top&quot;:&quot;&quot;,&quot;right&quot;:&quot;&quot;,&quot;bottom&quot;:&quot;&quot;,&quot;left&quot;:&quot;&quot;,&quot;isLinked&quot;:true},&quot;element_pack_global_tooltip_padding_tablet&quot;:{&quot;unit&quot;:&quot;px&quot;,&quot;top&quot;:&quot;&quot;,&quot;right&quot;:&quot;&quot;,&quot;bottom&quot;:&quot;&quot;,&quot;left&quot;:&quot;&quot;,&quot;isLinked&quot;:true},&quot;element_pack_global_tooltip_padding_mobile&quot;:{&quot;unit&quot;:&quot;px&quot;,&quot;top&quot;:&quot;&quot;,&quot;right&quot;:&quot;&quot;,&quot;bottom&quot;:&quot;&quot;,&quot;left&quot;:&quot;&quot;,&quot;isLinked&quot;:true},&quot;element_pack_global_tooltip_border_radius&quot;:{&quot;unit&quot;:&quot;px&quot;,&quot;top&quot;:&quot;&quot;,&quot;right&quot;:&quot;&quot;,&quot;bottom&quot;:&quot;&quot;,&quot;left&quot;:&quot;&quot;,&quot;isLinked&quot;:true},&quot;element_pack_global_tooltip_border_radius_tablet&quot;:{&quot;unit&quot;:&quot;px&quot;,&quot;top&quot;:&quot;&quot;,&quot;right&quot;:&quot;&quot;,&quot;bottom&quot;:&quot;&quot;,&quot;left&quot;:&quot;&quot;,&quot;isLinked&quot;:true},&quot;element_pack_global_tooltip_border_radius_mobile&quot;:{&quot;unit&quot;:&quot;px&quot;,&quot;top&quot;:&quot;&quot;,&quot;right&quot;:&quot;&quot;,&quot;bottom&quot;:&quot;&quot;,&quot;left&quot;:&quot;&quot;,&quot;isLinked&quot;:true}}\" data-elementor-post-type=\"page\">\n\t\t\t\t\t\t<section class=\"elementor-section elementor-top-section elementor-element elementor-element-6bbbafef elementor-section-boxed elementor-section-height-default elementor-section-height-default\" data-id=\"6bbbafef\" data-element_type=\"section\">\n\t\t\t\t\t\t<div class=\"elementor-container elementor-column-gap-default\">\n\t\t\t\t\t<div class=\"elementor-column elementor-col-100 elementor-top-column elementor-element elementor-element-595e2971\" data-id=\"595e2971\" data-element_type=\"column\">\n\t\t\t<div class=\"elementor-widget-wrap elementor-element-populated\">\n\t\t\t\t\t\t<div class=\"elementor-element elementor-element-2e41b6f elementor-widget elementor-widget-heading\" data-id=\"2e41b6f\" data-element_type=\"widget\" data-widget_type=\"heading.default\">\n\t\t\t\t<div class=\"elementor-widget-container\">\n\t\t\t\t\t<h3 class=\"elementor-heading-title elementor-size-default\">LEGAL NOTICE AND PRIVACY POLICY<\/h3>\t\t\t\t<\/div>\n\t\t\t\t<\/div>\n\t\t\t\t<div class=\"elementor-element elementor-element-d2b1dfb elementor-widget elementor-widget-text-editor\" data-id=\"d2b1dfb\" data-element_type=\"widget\" data-widget_type=\"text-editor.default\">\n\t\t\t\t<div class=\"elementor-widget-container\">\n\t\t\t\t\t\t\t\t\t<p><strong>1. Data processing<\/strong><\/p><p>Nella presente Informativa sulla privacy viene spiegato cosa facciamo con i tuoi dati personali nell&#8217;ambito della fornitura dei servizi che offriamo sul sito milanocosmetics.it, come la vendita di prodotti e l&#8217;iscrizione alla nostra newsletter (di seguito &#8221; Servizi&#8221;). Spieghiamo anche la politica sui dati che raccogliamo quando visiti milanocosmetics.it<\/p><p>In conformit\u00e0 con il REGOLAMENTO (UE) 2016\/679, ti informiamo che questi dati saranno incorporati in un file automatizzato di propriet\u00e0 di IMAPER INVERSIONES SL. (di seguito Titolare) con indirizzo in Paseo de la Castellana 77 &#8211; C.p. 28046. Madrid- Madrid, Spagna, con CIF B09973579, telefono 954 00 55 66 e e-mail info@milanocosmetics.it, per essere in grado di inviarti informazioni su prodotti e servizi della nostra entit\u00e0 tramite e-mail e per poter elaborare i dati relativi a la navigazione e gli acquisti dell&#8217;utente dissociandoli dai propri dati personali, e ci autorizza a conservare i propri dati espressamente per le finalit\u00e0 sopra indicate.<\/p>\t\t\t\t\t\t\t\t<\/div>\n\t\t\t\t<\/div>\n\t\t\t\t<div class=\"elementor-element elementor-element-5942db1 elementor-widget elementor-widget-text-editor\" data-id=\"5942db1\" data-element_type=\"widget\" data-widget_type=\"text-editor.default\">\n\t\t\t\t<div class=\"elementor-widget-container\">\n\t\t\t\t\t\t\t\t\t<p><strong>2. Legal basis for the processing of personal data<\/strong><\/p><p>The collection and processing of your personal data is mainly based on the contractual and \/ or pre-contractual relationship you have with Low Cost Hairdressers.<\/p><p>When we send you our newsletters and \/ or Services or use the e-mail you provided to contact you in a personalized way, we rely on informed consent.<\/p><p>The processing of the information that our cookies collect is based on the informed consent you provide us, in accordance with current legislation.<\/p>\t\t\t\t\t\t\t\t<\/div>\n\t\t\t\t<\/div>\n\t\t\t\t<div class=\"elementor-element elementor-element-7323ca0 elementor-widget elementor-widget-text-editor\" data-id=\"7323ca0\" data-element_type=\"widget\" data-widget_type=\"text-editor.default\">\n\t\t\t\t<div class=\"elementor-widget-container\">\n\t\t\t\t\t\t\t\t\t<p><strong>3. Personal Information We Collect<\/strong><\/p><p>To register for our newsletter service, we will only ask you to provide us with your email.<\/p><p>For our work section we will require name and surname, telephone number and email.<\/p><p>Per effettuare acquisti su milanocosmetics.it devi includere informazioni personali come il tuo paese o citt\u00e0 di residenza, nome e cognome, indirizzo e qualsiasi altra informazione complementare che ci consenta di rispettare questo servizio, cos\u00ec come il tuo credito e debito dettagli della carta, data di scadenza e numero CVV.<\/p>\t\t\t\t\t\t\t\t<\/div>\n\t\t\t\t<\/div>\n\t\t\t\t<div class=\"elementor-element elementor-element-79a1e36 elementor-widget elementor-widget-text-editor\" data-id=\"79a1e36\" data-element_type=\"widget\" data-widget_type=\"text-editor.default\">\n\t\t\t\t<div class=\"elementor-widget-container\">\n\t\t\t\t\t\t\t\t\t<p><strong>4. Purpose<\/strong><\/p><p>Hairdressers Low Cost, as Data Processor, will process your personal data for the following purposes:<\/p><p>Gestisci la tua registrazione per effettuare acquisti su\u00a0milanocosmetics.it<\/p><p><span style=\"font-family: var( --e-global-typography-text-font-family ), Helvetica; font-weight: var( --e-global-typography-text-font-weight ); letter-spacing: 0px;\">The card security code (CVV or CVC) is used only to make the purchase in progress and will not be stored or processed later as part of the payment details.<\/span><\/p><p>Contact you via email, in relation to updates, promotions or communications or job opportunities.<\/p><p>Respond to inquiries or requests you make through the customer service channels available on our Platform.<\/p>\t\t\t\t\t\t\t\t<\/div>\n\t\t\t\t<\/div>\n\t\t\t\t<div class=\"elementor-element elementor-element-6298473 elementor-widget elementor-widget-text-editor\" data-id=\"6298473\" data-element_type=\"widget\" data-widget_type=\"text-editor.default\">\n\t\t\t\t<div class=\"elementor-widget-container\">\n\t\t\t\t\t\t\t\t\t<p><strong>5. Data protection rights<\/strong><\/p><p>As Data Controller, we undertake to respect the confidentiality of your personal data and to ensure the exercise of your rights. You can exercise the following rights at any time:<\/p><p><strong>Right of access:\u00a0<\/strong>You have the right to confirm that we are processing your personal data and, if so, to obtain a copy of that data and complete information on the processing.<\/p><p><strong>Right of rectification:\u00a0<\/strong>You have the right to correct errors, modify inaccurate or incomplete data and ensure the accuracy of the information processed.<\/p><p><strong>Right of cancellation:\u00a0<\/strong>You have the right to request the deletion of your data without undue delay, in the event that the processing is illegal or the purpose that motivated the processing or collection has disappeared.<\/p><p><strong>Right to limitation of processing: <\/strong>You have the right to request the suspension of processing in the event that it is illegal or the accuracy of the data has been contested.<\/p><p><strong>Right to object:\u00a0<\/strong>You have the right to object to the processing of your data when it is intended for direct marketing or when the processing must cease for reasons related to your personal situation, unless a legitimate interest is demonstrated or it is necessary for the exercise or defense of complaints.<\/p><p>Per esercitare tali diritti si prega di inviare una mail a: info@milanocosmetics.it, indicando chiaramente (i) la propria identit\u00e0, indicando, almeno, il proprio nome completo e l&#8217;indirizzo di posta elettronica che ha utilizzato al momento dell&#8217;acquisto o della registrazione al nostro servizio di Newsletter nonch\u00e9 un documento che ti consente di dimostrare la tua identit\u00e0 e (ii) il diritto oi diritti che eserciti.<\/p>\t\t\t\t\t\t\t\t<\/div>\n\t\t\t\t<\/div>\n\t\t\t\t<div class=\"elementor-element elementor-element-dd6885c elementor-widget elementor-widget-text-editor\" data-id=\"dd6885c\" data-element_type=\"widget\" data-widget_type=\"text-editor.default\">\n\t\t\t\t<div class=\"elementor-widget-container\">\n\t\t\t\t\t\t\t\t\t<p><strong>6. Exercise of data protection rights<\/strong><\/p><p>The user is informed about the possibility of exercising the rights of access, rectification, cancellation and opposition, within the terms established by current legislation, being able to:<\/p><p>Invia una mail a info@milanocosmetics.it<\/p><p>Send a certified e-mail to the following address: IMAPER INVERSIONES SL. Paseo de la Castellana 77 - C.p. 28046. Madrid- Madrid, Spain.<\/p><p>The user's request must meet the following minimum contents established by law:<\/p><p>Name and surname.<\/p><p>Photocopy of the DNI, electronic signature or digitized copy of the DNI.<\/p><p>Specific request.<\/p><p>Address for notification purposes.<\/p><p>Date and signature of the applicant.<\/p>\t\t\t\t\t\t\t\t<\/div>\n\t\t\t\t<\/div>\n\t\t\t\t<div class=\"elementor-element elementor-element-aa7b6d9 elementor-widget elementor-widget-text-editor\" data-id=\"aa7b6d9\" data-element_type=\"widget\" data-widget_type=\"text-editor.default\">\n\t\t\t\t<div class=\"elementor-widget-container\">\n\t\t\t\t\t\t\t\t\t<p><strong>7. Age<\/strong><\/p>\n<p>Registration on our website is intended for persons over the age of eighteen (18). If the registration of a child under 18 is detected, that account will be automatically deleted.<\/p>\t\t\t\t\t\t\t\t<\/div>\n\t\t\t\t<\/div>\n\t\t\t\t<div class=\"elementor-element elementor-element-0769aae elementor-widget elementor-widget-text-editor\" data-id=\"0769aae\" data-element_type=\"widget\" data-widget_type=\"text-editor.default\">\n\t\t\t\t<div class=\"elementor-widget-container\">\n\t\t\t\t\t\t\t\t\t<p><strong>8. Intellectual or industrial property<\/strong><\/p>\n<p>The contents of the Web, such as texts, images, graphics or source code, are protected by intellectual and industrial property rights.<\/p>\n<p>Such contents cannot be, for example, reproduced or transformed without the prior and explicit authorization of the Owner. Users can access the content and make authorized private copies provided that the reproduced elements are not subsequently transferred to third parties, nor are they installed on network servers, nor are they subject to any kind of exploitation.<\/p>\t\t\t\t\t\t\t\t<\/div>\n\t\t\t\t<\/div>\n\t\t\t\t<div class=\"elementor-element elementor-element-d1c94bf elementor-widget elementor-widget-text-editor\" data-id=\"d1c94bf\" data-element_type=\"widget\" data-widget_type=\"text-editor.default\">\n\t\t\t\t<div class=\"elementor-widget-container\">\n\t\t\t\t\t\t\t\t\t<p><strong>9. Common rules for using the web<\/strong><\/p>\n<p>The user agrees to use the Web in accordance with the following rules:<\/p>\n<ul>\n<li>It will not publish commercial communications through the website.<\/li>\n<li>It will not collect content or information from other users.<\/li>\n<li>It will not load viruses or malicious code of any kind.<\/li>\n<li>It will not ask for login information or log into an account belonging to another user.<\/li>\n<li>It will not annoy, intimidate or harass any user.<\/li>\n<li>Do not carry out illegal, deceptive, harmful or discriminatory acts on the website, in accordance with these conditions and the Spanish legal order.<\/li>\n<li>You will not do anything that would compromise the security of your account, especially with regards to your password. In fact, it will communicate any incident related to your password, account, breach of the confidentiality of your data, danger or threat detected in the security of your data.<\/li>\n<\/ul>\n<p>The Owner may delete any content or suspend the service if, based on its own criteria, it violates any of the rules and obligations described in this Legal Notice.<\/p>\n<p>For any questions or clarifications on these community regulations in particular or on these conditions in particular, you can contact us by email.<\/p>\t\t\t\t\t\t\t\t<\/div>\n\t\t\t\t<\/div>\n\t\t\t\t<div class=\"elementor-element elementor-element-b172043 elementor-widget elementor-widget-text-editor\" data-id=\"b172043\" data-element_type=\"widget\" data-widget_type=\"text-editor.default\">\n\t\t\t\t<div class=\"elementor-widget-container\">\n\t\t\t\t\t\t\t\t\t<p><strong>10. Links and Limitation of Liability.<\/strong><\/p>\n<p>The establishment of a hyperlink does not in any case imply the existence of relationships between the Owner and the owner of the website on which it is established, nor the acceptance and approval by the Owner of its contents or services. Those wishing to establish a hypertext link must request prior written authorization from the Data Controller. In any case, the hyperlink will only allow access to the home page of our website, it must also refrain from making false, inaccurate or incorrect statements or indications about the Owner, or include illegal content, contrary to morality and public order.<\/p>\n<p>The Owner is not responsible for the use that each user makes of the materials made available on this site or for the actions carried out on the basis of them. The content of the Web is of a general and purely informative nature.<\/p>\n<p>The Owner assumes no responsibility for the content or operation of third-party websites that the user of the Store can access via any type of link.<\/p>\n<p>The Owner declines all responsibility, to the extent permitted by the legal system, for damages resulting from the presence of viruses, from the actions of third parties that violate property rights, honor, privacy or illegal advertising.<\/p>\n<p>If a user or a third party believes that an offense of any kind is being committed on the Web, they must send a communication to the Data Controller to the e-mail address that appears in our identification data. It must be properly identified by specifying the facts that it denounces.<\/p>\t\t\t\t\t\t\t\t<\/div>\n\t\t\t\t<\/div>\n\t\t\t\t<div class=\"elementor-element elementor-element-ba00b77 elementor-widget elementor-widget-text-editor\" data-id=\"ba00b77\" data-element_type=\"widget\" data-widget_type=\"text-editor.default\">\n\t\t\t\t<div class=\"elementor-widget-container\">\n\t\t\t\t\t\t\t\t\t<p><strong>11. Cookie Policy<\/strong><\/p>\n<p>Our website uses cookies. A \"Cookie\" is a small file that is stored on the user's computer and allows us to recognize it. The set of \"cookies\" helps us improve the quality of our website, allowing us to control which pages our users find useful and which do not. Cookies are essential for the functioning of the Internet, they provide countless advantages in providing interactive services, facilitating navigation and the usability of our website. Please note that cookies cannot harm your computer and that, in return, the fact that they are activated helps us to identify and resolve errors. Despite this, you can disable the use of cookies from the configuration of your internet browser or you can establish some policies that allow you to activate a private mode through which cookies are always deleted after your visit.<\/p>\n<p>Access to this website may involve the use of cookies. Cookies are small amounts of information that are stored in the browser used by each user so that the server remembers some information that later only the server that implemented them will read. Cookies generally have a limited duration in time. No cookies on this website allow contact with the user's phone number, e-mail address or any other means of contact. No cookies on this website can extract information from the user's hard drive or steal personal information. The only way, on this website, that a user's private information is part of the cookie file is for the user to personally provide this information to the server. Users who do not wish to receive cookies or want to be informed of their settings can configure their browser for this purpose.<\/p>\t\t\t\t\t\t\t\t<\/div>\n\t\t\t\t<\/div>\n\t\t\t\t<div class=\"elementor-element elementor-element-7d20d9a elementor-widget elementor-widget-text-editor\" data-id=\"7d20d9a\" data-element_type=\"widget\" data-widget_type=\"text-editor.default\">\n\t\t\t\t<div class=\"elementor-widget-container\">\n\t\t\t\t\t\t\t\t\t<p><strong>12. Governing Law, Settlement of Controversial Issues and Jurisdiction<\/strong><\/p>\n<p>The use of the Web will be governed by Spanish legislation. Any dispute that arises or is connected to the use of the Web will be subject to the non-exclusive jurisdiction of the Courts and Tribunals of the Municipality where the registered office of the Data Controller is located, unless the current legislation or the code of conduct establish a different forum.<\/p>\t\t\t\t\t\t\t\t<\/div>\n\t\t\t\t<\/div>\n\t\t\t\t\t<\/div>\n\t\t<\/div>\n\t\t\t\t\t<\/div>\n\t\t<\/section>\n\t\t\t\t<\/div>","protected":false},"excerpt":{"rendered":"<p>AVVISO LEGALE E POLITICA SULLA PRIVACY 1. Trattamento dei dati Nella presente Informativa sulla privacy viene spiegato cosa facciamo con i tuoi dati personali nell&#8217;ambito della fornitura dei servizi che offriamo sul sito milanocosmetics.it, come la vendita di prodotti e l&#8217;iscrizione alla nostra newsletter (di seguito &#8221; Servizi&#8221;). Spieghiamo anche la politica sui dati che [&hellip;]<\/p>","protected":false},"author":1,"featured_media":0,"parent":0,"menu_order":0,"comment_status":"closed","ping_status":"closed","template":"","meta":{"_acf_changed":false,"_seopress_robots_primary_cat":"","_seopress_titles_title":"Pol\u00edtica de Privacidad | Milano Cosmetics","_seopress_titles_desc":"Conoce c\u00f3mo Milano Cosmetics protege tus datos personales y garantiza su seguridad. Consulta nuestra pol\u00edtica de privacidad para m\u00e1s detalles.","_seopress_robots_index":"","footnotes":""},"class_list":["post-3","page","type-page","status-publish","hentry"],"acf":[],"_links":{"self":[{"href":"https:\/\/nueva.milanocosmetics.it\/en\/wp-json\/wp\/v2\/pages\/3","targetHints":{"allow":["GET"]}}],"collection":[{"href":"https:\/\/nueva.milanocosmetics.it\/en\/wp-json\/wp\/v2\/pages"}],"about":[{"href":"https:\/\/nueva.milanocosmetics.it\/en\/wp-json\/wp\/v2\/types\/page"}],"author":[{"embeddable":true,"href":"https:\/\/nueva.milanocosmetics.it\/en\/wp-json\/wp\/v2\/users\/1"}],"replies":[{"embeddable":true,"href":"https:\/\/nueva.milanocosmetics.it\/en\/wp-json\/wp\/v2\/comments?post=3"}],"version-history":[{"count":0,"href":"https:\/\/nueva.milanocosmetics.it\/en\/wp-json\/wp\/v2\/pages\/3\/revisions"}],"wp:attachment":[{"href":"https:\/\/nueva.milanocosmetics.it\/en\/wp-json\/wp\/v2\/media?parent=3"}],"curies":[{"name":"wp","href":"https:\/\/api.w.org\/{rel}","templated":true}]}}