{"id":938,"date":"2020-03-27T09:41:04","date_gmt":"2020-03-27T08:41:04","guid":{"rendered":"https:\/\/nueva.milanocosmetics.it\/?post_type=product&#038;p=938"},"modified":"2024-11-28T09:35:49","modified_gmt":"2024-11-28T08:35:49","slug":"shampoo-zero-pelle-sensibile-1000ml","status":"publish","type":"product","link":"https:\/\/nueva.milanocosmetics.it\/es\/producto\/shampoo-zero-pieles-sensibles-1000ml\/","title":{"rendered":"Shampoo Zero Pieles sensibles 1000ml"},"content":{"rendered":"<p><span style=\"color: #000000;\">Champ\u00fa calmante para pieles sensibles con Hamamelis y Cal\u00e9ndula. Acci\u00f3n antiinflamatoria y antibacteriano con extractos naturales de plantas medicinales que contrarrestan irritaciones de la piel, eliminando el picor y enrojecimiento. Su f\u00f3rmula con limpiadores suaves hacen que el cabello quede aterciopelado y luminoso. Es adecuada para uso diario.<\/span><\/p>\n<p><span style=\"color: #000000;\">Propiedades:<\/span><\/p>\n<ul>\n<li><span style=\"color: #000000;\">Contrarresta la irritaci\u00f3n, el picor y el enrojecimiento de la piel<\/span><\/li>\n<li><span style=\"color: #000000;\">F\u00f3rmula de limpieza<\/span><\/li>\n<\/ul>","protected":false},"excerpt":{"rendered":"<p><span style=\"color: #000000;\">Perfecto para pieles sensibles<\/span><\/p>","protected":false},"featured_media":1403,"comment_status":"open","ping_status":"closed","template":"","meta":{"_acf_changed":false,"_seopress_robots_primary_cat":"none","_seopress_titles_title":"","_seopress_titles_desc":"","_seopress_robots_index":""},"product_cat":[57,20],"product_tag":[84],"class_list":{"0":"post-938","1":"product","2":"type-product","3":"status-publish","4":"has-post-thumbnail","6":"product_cat-linea-femminile","7":"product_cat-shampoo-zero","8":"product_tag-cabello-mas-sano","10":"first","11":"instock","12":"purchasable","13":"product-type-simple"},"acf":[],"_links":{"self":[{"href":"https:\/\/nueva.milanocosmetics.it\/es\/wp-json\/wp\/v2\/product\/938","targetHints":{"allow":["GET"]}}],"collection":[{"href":"https:\/\/nueva.milanocosmetics.it\/es\/wp-json\/wp\/v2\/product"}],"about":[{"href":"https:\/\/nueva.milanocosmetics.it\/es\/wp-json\/wp\/v2\/types\/product"}],"replies":[{"embeddable":true,"href":"https:\/\/nueva.milanocosmetics.it\/es\/wp-json\/wp\/v2\/comments?post=938"}],"version-history":[{"count":0,"href":"https:\/\/nueva.milanocosmetics.it\/es\/wp-json\/wp\/v2\/product\/938\/revisions"}],"wp:featuredmedia":[{"embeddable":true,"href":"https:\/\/nueva.milanocosmetics.it\/es\/wp-json\/wp\/v2\/media\/1403"}],"wp:attachment":[{"href":"https:\/\/nueva.milanocosmetics.it\/es\/wp-json\/wp\/v2\/media?parent=938"}],"wp:term":[{"taxonomy":"product_cat","embeddable":true,"href":"https:\/\/nueva.milanocosmetics.it\/es\/wp-json\/wp\/v2\/product_cat?post=938"},{"taxonomy":"product_tag","embeddable":true,"href":"https:\/\/nueva.milanocosmetics.it\/es\/wp-json\/wp\/v2\/product_tag?post=938"}],"curies":[{"name":"wp","href":"https:\/\/api.w.org\/{rel}","templated":true}]}}