{"id":947,"date":"2023-11-26T09:35:02","date_gmt":"2023-11-26T08:35:02","guid":{"rendered":"https:\/\/nueva.milanocosmetics.it\/?post_type=product&#038;p=947"},"modified":"2024-11-28T09:22:46","modified_gmt":"2024-11-28T08:22:46","slug":"lacca-ecologico-extraforte-250ml","status":"publish","type":"product","link":"https:\/\/nueva.milanocosmetics.it\/es\/producto\/laca-ecologica-fijacion-extrafuerte-250ml\/","title":{"rendered":"Laca Ecol\u00f3gica Fijaci\u00f3n Extra Fuerte 250ml"},"content":{"rendered":"<p><span style=\"color: #000000;\"><strong>Laca ecol\u00f3gica voluminizante de fuerte elevaci\u00f3n<\/strong>, fijaci\u00f3n y volumen, vers\u00e1til y de secado r\u00e1pido, un spray sin gas \u00fanico para modelar y finalizar cada peinado.<\/span><\/p>\n<p><span style=\"color: #000000;\">Pol\u00edmeros fijadores crean un efecto film\u00f3geno y flexible alrededor del cabello, manteniendo el peinado durante m\u00e1s tiempo. No deja residuos y se elimina f\u00e1cilmente con el cepillo.<\/span><\/p>","protected":false},"excerpt":{"rendered":"<p>Con fijaci\u00f3n extra fuerte<\/p>","protected":false},"featured_media":13057,"comment_status":"open","ping_status":"closed","template":"","meta":{"_acf_changed":false,"_seopress_robots_primary_cat":"none","_seopress_titles_title":"","_seopress_titles_desc":"","_seopress_robots_index":""},"product_cat":[57,21],"product_tag":[],"class_list":{"0":"post-947","1":"product","2":"type-product","3":"status-publish","4":"has-post-thumbnail","6":"product_cat-linea-femminile","7":"product_cat-lacca-ecologico","9":"first","10":"instock","11":"purchasable","12":"product-type-simple"},"acf":[],"_links":{"self":[{"href":"https:\/\/nueva.milanocosmetics.it\/es\/wp-json\/wp\/v2\/product\/947","targetHints":{"allow":["GET"]}}],"collection":[{"href":"https:\/\/nueva.milanocosmetics.it\/es\/wp-json\/wp\/v2\/product"}],"about":[{"href":"https:\/\/nueva.milanocosmetics.it\/es\/wp-json\/wp\/v2\/types\/product"}],"replies":[{"embeddable":true,"href":"https:\/\/nueva.milanocosmetics.it\/es\/wp-json\/wp\/v2\/comments?post=947"}],"version-history":[{"count":0,"href":"https:\/\/nueva.milanocosmetics.it\/es\/wp-json\/wp\/v2\/product\/947\/revisions"}],"wp:featuredmedia":[{"embeddable":true,"href":"https:\/\/nueva.milanocosmetics.it\/es\/wp-json\/wp\/v2\/media\/13057"}],"wp:attachment":[{"href":"https:\/\/nueva.milanocosmetics.it\/es\/wp-json\/wp\/v2\/media?parent=947"}],"wp:term":[{"taxonomy":"product_cat","embeddable":true,"href":"https:\/\/nueva.milanocosmetics.it\/es\/wp-json\/wp\/v2\/product_cat?post=947"},{"taxonomy":"product_tag","embeddable":true,"href":"https:\/\/nueva.milanocosmetics.it\/es\/wp-json\/wp\/v2\/product_tag?post=947"}],"curies":[{"name":"wp","href":"https:\/\/api.w.org\/{rel}","templated":true}]}}