{"id":958,"date":"2023-11-17T12:59:40","date_gmt":"2023-11-17T11:59:40","guid":{"rendered":"https:\/\/nueva.milanocosmetics.it\/?post_type=product&#038;p=958"},"modified":"2024-11-28T09:22:47","modified_gmt":"2024-11-28T08:22:47","slug":"maschera-blueberry-250ml","status":"publish","type":"product","link":"https:\/\/nueva.milanocosmetics.it\/es\/producto\/mascarilla-de-arandanos-250ml\/","title":{"rendered":"Mascarilla de Ar\u00e1ndanos 250ml"},"content":{"rendered":"<p><span style=\"color: #000000;\">Mascarilla capilar aporta suavidad, vitalidad y energ\u00eda a todo tipo de cabellos. Aroma a Ar\u00e1ndanos. R\u00e1pida absorci\u00f3n que garantiza su efectividad y hace que tu cabello se alise mejor.\u00a0<\/span><\/p>\n<p><span style=\"color: #000000;\">Propiedades:<\/span><\/p>\n<ul>\n<li><span style=\"color: #000000;\">Sabor a ar\u00e1ndanos<\/span><\/li>\n<li><span style=\"color: #000000;\">Aporta suavidad y vitalidad<\/span><\/li>\n<\/ul>","protected":false},"excerpt":{"rendered":"<p>Hidrata y suaviza el cabello<\/p>","protected":false},"featured_media":13448,"comment_status":"open","ping_status":"closed","template":"","meta":{"_acf_changed":false,"_seopress_robots_primary_cat":"none","_seopress_titles_title":"","_seopress_titles_desc":"","_seopress_robots_index":""},"product_cat":[57,24],"product_tag":[83],"class_list":{"0":"post-958","1":"product","2":"type-product","3":"status-publish","4":"has-post-thumbnail","6":"product_cat-linea-femminile","7":"product_cat-maschera","8":"product_tag-color-mas-duradero","10":"first","11":"instock","12":"purchasable","13":"product-type-simple"},"acf":[],"_links":{"self":[{"href":"https:\/\/nueva.milanocosmetics.it\/es\/wp-json\/wp\/v2\/product\/958","targetHints":{"allow":["GET"]}}],"collection":[{"href":"https:\/\/nueva.milanocosmetics.it\/es\/wp-json\/wp\/v2\/product"}],"about":[{"href":"https:\/\/nueva.milanocosmetics.it\/es\/wp-json\/wp\/v2\/types\/product"}],"replies":[{"embeddable":true,"href":"https:\/\/nueva.milanocosmetics.it\/es\/wp-json\/wp\/v2\/comments?post=958"}],"version-history":[{"count":0,"href":"https:\/\/nueva.milanocosmetics.it\/es\/wp-json\/wp\/v2\/product\/958\/revisions"}],"wp:featuredmedia":[{"embeddable":true,"href":"https:\/\/nueva.milanocosmetics.it\/es\/wp-json\/wp\/v2\/media\/13448"}],"wp:attachment":[{"href":"https:\/\/nueva.milanocosmetics.it\/es\/wp-json\/wp\/v2\/media?parent=958"}],"wp:term":[{"taxonomy":"product_cat","embeddable":true,"href":"https:\/\/nueva.milanocosmetics.it\/es\/wp-json\/wp\/v2\/product_cat?post=958"},{"taxonomy":"product_tag","embeddable":true,"href":"https:\/\/nueva.milanocosmetics.it\/es\/wp-json\/wp\/v2\/product_tag?post=958"}],"curies":[{"name":"wp","href":"https:\/\/api.w.org\/{rel}","templated":true}]}}