{"id":967,"date":"2020-03-27T09:41:01","date_gmt":"2020-03-27T08:41:01","guid":{"rendered":"https:\/\/nueva.milanocosmetics.it\/?post_type=product&#038;p=967"},"modified":"2024-11-28T09:35:50","modified_gmt":"2024-11-28T08:35:50","slug":"maschera-milk-honey-1000ml","status":"publish","type":"product","link":"https:\/\/nueva.milanocosmetics.it\/es\/producto\/mascarilla-milk-honey-1000ml\/","title":{"rendered":"Mascarilla de Leche y Miel 1000ml"},"content":{"rendered":"<p><span style=\"color: #000000;\">Mascarilla capilar reestructurante y nutritiva: tratamiento que regenera y rehidrata el cabello sin cargarlo. Extracto de l\u00fapulo: nutre el cabello acelerando su crecimiento; Fortalece las ra\u00edces, previene la formaci\u00f3n de caspa y da fuerza y brillo al cabello. Queratina hidrolizada: reestructura la fibra capilar; Da brillo y suavidad. R\u00e1pida absorci\u00f3n que garantiza su efectividad y hace que tu cabello se alise mejor.<\/span><\/p>\n<p><span style=\"color: #000000;\">Propiedades:<\/span><\/p>\n<ul>\n<li><span style=\"color: #000000;\">\u00c1cido hialur\u00f3nico<\/span><\/li>\n<li><span style=\"color: #000000;\">Aporta suavidad y brillo<\/span><\/li>\n<\/ul>","protected":false},"excerpt":{"rendered":"<p>Hidrata y suaviza el cabello<\/p>","protected":false},"featured_media":1411,"comment_status":"open","ping_status":"closed","template":"","meta":{"_acf_changed":false,"_seopress_robots_primary_cat":"none","_seopress_titles_title":"","_seopress_titles_desc":"","_seopress_robots_index":""},"product_cat":[57,24],"product_tag":[],"class_list":{"0":"post-967","1":"product","2":"type-product","3":"status-publish","4":"has-post-thumbnail","6":"product_cat-linea-femminile","7":"product_cat-maschera","9":"first","10":"instock","11":"purchasable","12":"product-type-simple"},"acf":[],"_links":{"self":[{"href":"https:\/\/nueva.milanocosmetics.it\/es\/wp-json\/wp\/v2\/product\/967","targetHints":{"allow":["GET"]}}],"collection":[{"href":"https:\/\/nueva.milanocosmetics.it\/es\/wp-json\/wp\/v2\/product"}],"about":[{"href":"https:\/\/nueva.milanocosmetics.it\/es\/wp-json\/wp\/v2\/types\/product"}],"replies":[{"embeddable":true,"href":"https:\/\/nueva.milanocosmetics.it\/es\/wp-json\/wp\/v2\/comments?post=967"}],"version-history":[{"count":0,"href":"https:\/\/nueva.milanocosmetics.it\/es\/wp-json\/wp\/v2\/product\/967\/revisions"}],"wp:featuredmedia":[{"embeddable":true,"href":"https:\/\/nueva.milanocosmetics.it\/es\/wp-json\/wp\/v2\/media\/1411"}],"wp:attachment":[{"href":"https:\/\/nueva.milanocosmetics.it\/es\/wp-json\/wp\/v2\/media?parent=967"}],"wp:term":[{"taxonomy":"product_cat","embeddable":true,"href":"https:\/\/nueva.milanocosmetics.it\/es\/wp-json\/wp\/v2\/product_cat?post=967"},{"taxonomy":"product_tag","embeddable":true,"href":"https:\/\/nueva.milanocosmetics.it\/es\/wp-json\/wp\/v2\/product_tag?post=967"}],"curies":[{"name":"wp","href":"https:\/\/api.w.org\/{rel}","templated":true}]}}