{"id":976,"date":"2023-11-27T09:31:42","date_gmt":"2023-11-27T08:31:42","guid":{"rendered":"https:\/\/nueva.milanocosmetics.it\/?post_type=product&#038;p=976"},"modified":"2024-11-28T09:22:46","modified_gmt":"2024-11-28T08:22:46","slug":"shampoo-gray-hair-250ml","status":"publish","type":"product","link":"https:\/\/nueva.milanocosmetics.it\/es\/producto\/shampoo-cabello-blanco-250ml\/","title":{"rendered":"Shampoo Zero - Cabello blanco 250ml"},"content":{"rendered":"<p><span style=\"color: #000000;\">Una formula exigente dise\u00f1ada para tonificar y realzar su deslumbrante reflejo plateado en cabellos blancos, decolorados o con mechas.<\/span><\/p>\n<p><span style=\"color: #000000;\">Champ\u00fa con Exigente formulaci\u00f3n dise\u00f1ada para matizar y potenciar en cabellos blancos, decolorados o con mechas, gracias a su deslumbrante reflejo morado.<\/span><\/p>","protected":false},"excerpt":{"rendered":"<p><span style=\"color: #000000;\">Matiza el cabello<\/span><\/p>","protected":false},"featured_media":13540,"comment_status":"open","ping_status":"closed","template":"","meta":{"_acf_changed":false,"_seopress_robots_primary_cat":"none","_seopress_titles_title":"","_seopress_titles_desc":"Shampoo con formulazione Exigent studiato per esaltare e valorizzare i capelli bianchi, decolorati o evidenziati, grazie al suo abbagliante riflesso viola.","_seopress_robots_index":""},"product_cat":[57,25],"product_tag":[80],"class_list":{"0":"post-976","1":"product","2":"type-product","3":"status-publish","4":"has-post-thumbnail","6":"product_cat-linea-femminile","7":"product_cat-shampoo-gray","8":"product_tag-color-mas-claro","10":"first","11":"instock","12":"purchasable","13":"product-type-simple"},"acf":[],"_links":{"self":[{"href":"https:\/\/nueva.milanocosmetics.it\/es\/wp-json\/wp\/v2\/product\/976","targetHints":{"allow":["GET"]}}],"collection":[{"href":"https:\/\/nueva.milanocosmetics.it\/es\/wp-json\/wp\/v2\/product"}],"about":[{"href":"https:\/\/nueva.milanocosmetics.it\/es\/wp-json\/wp\/v2\/types\/product"}],"replies":[{"embeddable":true,"href":"https:\/\/nueva.milanocosmetics.it\/es\/wp-json\/wp\/v2\/comments?post=976"}],"version-history":[{"count":0,"href":"https:\/\/nueva.milanocosmetics.it\/es\/wp-json\/wp\/v2\/product\/976\/revisions"}],"wp:featuredmedia":[{"embeddable":true,"href":"https:\/\/nueva.milanocosmetics.it\/es\/wp-json\/wp\/v2\/media\/13540"}],"wp:attachment":[{"href":"https:\/\/nueva.milanocosmetics.it\/es\/wp-json\/wp\/v2\/media?parent=976"}],"wp:term":[{"taxonomy":"product_cat","embeddable":true,"href":"https:\/\/nueva.milanocosmetics.it\/es\/wp-json\/wp\/v2\/product_cat?post=976"},{"taxonomy":"product_tag","embeddable":true,"href":"https:\/\/nueva.milanocosmetics.it\/es\/wp-json\/wp\/v2\/product_tag?post=976"}],"curies":[{"name":"wp","href":"https:\/\/api.w.org\/{rel}","templated":true}]}}