{"id":984,"date":"2021-03-04T09:31:42","date_gmt":"2021-03-04T08:31:42","guid":{"rendered":"https:\/\/nueva.milanocosmetics.it\/?post_type=product&#038;p=984"},"modified":"2024-11-28T09:22:50","modified_gmt":"2024-11-28T08:22:50","slug":"spray-idratante-fissaggio-normale-250ml","status":"publish","type":"product","link":"https:\/\/nueva.milanocosmetics.it\/es\/producto\/spray-hidratante-fijacion-normal-250ml\/","title":{"rendered":"Spray Hidratante - Fijaci\u00f3n Normal"},"content":{"rendered":"<p><span style=\"color: #000000;\">Spray voluminizador de fijaci\u00f3n fuerte para una suave elevaci\u00f3n, fijaci\u00f3n y volumen, vers\u00e1til y de secado r\u00e1pido, un spray \u00fanico que no desprende gases para peinar y dar acabado a todos los estilos. Los pol\u00edmeros fijadores crean un efecto film\u00f3geno y flexible alrededor del cabello, por lo que el peinado se mantiene en su sitio durante m\u00e1s tiempo. No deja residuos y se elimina f\u00e1cilmente con un cepillo.<\/span><\/p>","protected":false},"excerpt":{"rendered":"<p><span style=\"color: #000000;\">Fijacion sin dejar residuos<\/span><\/p>","protected":false},"featured_media":18288,"comment_status":"open","ping_status":"closed","template":"","meta":{"_acf_changed":false,"_seopress_robots_primary_cat":"none","_seopress_titles_title":"","_seopress_titles_desc":"","_seopress_robots_index":""},"product_cat":[60,26],"product_tag":[],"class_list":{"0":"post-984","1":"product","2":"type-product","3":"status-publish","4":"has-post-thumbnail","6":"product_cat-spray-linea-maschile","7":"product_cat-linea-maschile","9":"first","10":"instock","11":"purchasable","12":"product-type-simple"},"acf":[],"_links":{"self":[{"href":"https:\/\/nueva.milanocosmetics.it\/es\/wp-json\/wp\/v2\/product\/984","targetHints":{"allow":["GET"]}}],"collection":[{"href":"https:\/\/nueva.milanocosmetics.it\/es\/wp-json\/wp\/v2\/product"}],"about":[{"href":"https:\/\/nueva.milanocosmetics.it\/es\/wp-json\/wp\/v2\/types\/product"}],"replies":[{"embeddable":true,"href":"https:\/\/nueva.milanocosmetics.it\/es\/wp-json\/wp\/v2\/comments?post=984"}],"version-history":[{"count":0,"href":"https:\/\/nueva.milanocosmetics.it\/es\/wp-json\/wp\/v2\/product\/984\/revisions"}],"wp:featuredmedia":[{"embeddable":true,"href":"https:\/\/nueva.milanocosmetics.it\/es\/wp-json\/wp\/v2\/media\/18288"}],"wp:attachment":[{"href":"https:\/\/nueva.milanocosmetics.it\/es\/wp-json\/wp\/v2\/media?parent=984"}],"wp:term":[{"taxonomy":"product_cat","embeddable":true,"href":"https:\/\/nueva.milanocosmetics.it\/es\/wp-json\/wp\/v2\/product_cat?post=984"},{"taxonomy":"product_tag","embeddable":true,"href":"https:\/\/nueva.milanocosmetics.it\/es\/wp-json\/wp\/v2\/product_tag?post=984"}],"curies":[{"name":"wp","href":"https:\/\/api.w.org\/{rel}","templated":true}]}}