{"id":931,"date":"2023-11-28T09:41:04","date_gmt":"2023-11-28T08:41:04","guid":{"rendered":"https:\/\/nueva.milanocosmetics.it\/?post_type=product&#038;p=931"},"modified":"2024-11-28T09:22:45","modified_gmt":"2024-11-28T08:22:45","slug":"shampoo-zero-capelli-colorati-250ml","status":"publish","type":"product","link":"https:\/\/nueva.milanocosmetics.it\/fr\/producto\/shampooing-zero-cheveux-colores-250ml\/","title":{"rendered":"SHAMPOOING Z\u00c9RO CHEVEUX COLOR\u00c9S 250ml"},"content":{"rendered":"<p><span style=\"color: #000000;\">Shampooing pour cheveux boucl\u00e9s ou ondul\u00e9s \u00e0 l'huile de pistache, \u00e0 haute action nourrissante et cr\u00e8me hydratante. Rend les boucles douces, brillantes et \u00e9limine les pointes fourchues. Riche en huile de pistache en om\u00e9ga 3,6 et 9. C'est aussi un excellent traitement pour le cuir chevelu.<\/span><\/p>","protected":false},"excerpt":{"rendered":"<p>Prolonge la dur\u00e9e de vie de la coloration<\/p>","protected":false},"featured_media":13664,"comment_status":"open","ping_status":"closed","template":"","meta":{"_acf_changed":false,"_seopress_robots_primary_cat":"none","_seopress_titles_title":"","_seopress_titles_desc":"","_seopress_robots_index":""},"product_cat":[57,20],"product_tag":[],"class_list":{"0":"post-931","1":"product","2":"type-product","3":"status-publish","4":"has-post-thumbnail","6":"product_cat-linea-femminile","7":"product_cat-shampoo-zero","9":"first","10":"instock","11":"purchasable","12":"product-type-simple"},"acf":[],"_links":{"self":[{"href":"https:\/\/nueva.milanocosmetics.it\/fr\/wp-json\/wp\/v2\/product\/931","targetHints":{"allow":["GET"]}}],"collection":[{"href":"https:\/\/nueva.milanocosmetics.it\/fr\/wp-json\/wp\/v2\/product"}],"about":[{"href":"https:\/\/nueva.milanocosmetics.it\/fr\/wp-json\/wp\/v2\/types\/product"}],"replies":[{"embeddable":true,"href":"https:\/\/nueva.milanocosmetics.it\/fr\/wp-json\/wp\/v2\/comments?post=931"}],"version-history":[{"count":0,"href":"https:\/\/nueva.milanocosmetics.it\/fr\/wp-json\/wp\/v2\/product\/931\/revisions"}],"wp:featuredmedia":[{"embeddable":true,"href":"https:\/\/nueva.milanocosmetics.it\/fr\/wp-json\/wp\/v2\/media\/13664"}],"wp:attachment":[{"href":"https:\/\/nueva.milanocosmetics.it\/fr\/wp-json\/wp\/v2\/media?parent=931"}],"wp:term":[{"taxonomy":"product_cat","embeddable":true,"href":"https:\/\/nueva.milanocosmetics.it\/fr\/wp-json\/wp\/v2\/product_cat?post=931"},{"taxonomy":"product_tag","embeddable":true,"href":"https:\/\/nueva.milanocosmetics.it\/fr\/wp-json\/wp\/v2\/product_tag?post=931"}],"curies":[{"name":"wp","href":"https:\/\/api.w.org\/{rel}","templated":true}]}}