{"id":939,"date":"2023-11-28T09:41:03","date_gmt":"2023-11-28T08:41:03","guid":{"rendered":"https:\/\/nueva.milanocosmetics.it\/?post_type=product&#038;p=939"},"modified":"2024-11-28T09:22:46","modified_gmt":"2024-11-28T08:22:46","slug":"shampoo-zero-riccioli-250ml","status":"publish","type":"product","link":"https:\/\/nueva.milanocosmetics.it\/fr\/producto\/shampoo-zero-curl-250ml\/","title":{"rendered":"SHAMPOOING Z\u00c9RO CURL 1000ml"},"content":{"rendered":"<p><span style=\"color: #000000;\">Shampooing pour cheveux boucl\u00e9s ou ondul\u00e9s \u00e0 l'huile de pistache, \u00e0 haute action nourrissante et cr\u00e8me hydratante. Rend les boucles douces, brillantes et \u00e9limine les pointes fourchues. Riche en huile de pistache en om\u00e9ga 3,6 et 9. C'est aussi un excellent traitement pour le cuir chevelu.<\/span><\/p>\n<p><span style=\"color: #000000;\">Propri\u00e9t\u00e9s :<\/span><\/p>\n<ul>\n<li><span style=\"color: #000000;\">Apporte douceur et brillance<\/span><\/li>\n<li><span style=\"color: #000000;\">Huile de pistache<\/span><\/li>\n<\/ul>","protected":false},"excerpt":{"rendered":"<p>D\u00e9finissez vos boucles<\/p>","protected":false},"featured_media":13706,"comment_status":"open","ping_status":"closed","template":"","meta":{"_acf_changed":false,"_seopress_robots_primary_cat":"none","_seopress_titles_title":"","_seopress_titles_desc":"","_seopress_robots_index":""},"product_cat":[57,20],"product_tag":[78],"class_list":{"0":"post-939","1":"product","2":"type-product","3":"status-publish","4":"has-post-thumbnail","6":"product_cat-linea-femminile","7":"product_cat-shampoo-zero","8":"product_tag-rizos","10":"first","11":"instock","12":"purchasable","13":"product-type-simple"},"acf":[],"_links":{"self":[{"href":"https:\/\/nueva.milanocosmetics.it\/fr\/wp-json\/wp\/v2\/product\/939","targetHints":{"allow":["GET"]}}],"collection":[{"href":"https:\/\/nueva.milanocosmetics.it\/fr\/wp-json\/wp\/v2\/product"}],"about":[{"href":"https:\/\/nueva.milanocosmetics.it\/fr\/wp-json\/wp\/v2\/types\/product"}],"replies":[{"embeddable":true,"href":"https:\/\/nueva.milanocosmetics.it\/fr\/wp-json\/wp\/v2\/comments?post=939"}],"version-history":[{"count":0,"href":"https:\/\/nueva.milanocosmetics.it\/fr\/wp-json\/wp\/v2\/product\/939\/revisions"}],"wp:featuredmedia":[{"embeddable":true,"href":"https:\/\/nueva.milanocosmetics.it\/fr\/wp-json\/wp\/v2\/media\/13706"}],"wp:attachment":[{"href":"https:\/\/nueva.milanocosmetics.it\/fr\/wp-json\/wp\/v2\/media?parent=939"}],"wp:term":[{"taxonomy":"product_cat","embeddable":true,"href":"https:\/\/nueva.milanocosmetics.it\/fr\/wp-json\/wp\/v2\/product_cat?post=939"},{"taxonomy":"product_tag","embeddable":true,"href":"https:\/\/nueva.milanocosmetics.it\/fr\/wp-json\/wp\/v2\/product_tag?post=939"}],"curies":[{"name":"wp","href":"https:\/\/api.w.org\/{rel}","templated":true}]}}