{"id":947,"date":"2023-11-26T09:35:02","date_gmt":"2023-11-26T08:35:02","guid":{"rendered":"https:\/\/nueva.milanocosmetics.it\/?post_type=product&#038;p=947"},"modified":"2024-11-28T09:22:46","modified_gmt":"2024-11-28T08:22:46","slug":"lacca-ecologico-extraforte-250ml","status":"publish","type":"product","link":"https:\/\/nueva.milanocosmetics.it\/fr\/producto\/laque-ecologique-fixation-extra-forte-250ml\/","title":{"rendered":"LAQUE A FIXATION EXTRA FORTE 250ml"},"content":{"rendered":"<p><span style=\"color: #000000;\"><strong>Laque volumisante et fortement liftante bio<\/strong>, de fixation et de volume, polyvalente et \u00e0 s\u00e9chage rapide, un spray unique non gazeux pour le coiffage et la finition de toutes les coiffures.<\/span><\/p>\n<p><span style=\"color: #000000;\">Les polym\u00e8res fixateurs cr\u00e9ent un effet filmog\u00e8ne et flexible autour des cheveux, ce qui permet de conserver la coiffure plus longtemps. Ne laisse aucun r\u00e9sidu et s'\u00e9limine facilement au brossage.<\/span><\/p>","protected":false},"excerpt":{"rendered":"<p>Avec une tenue extra forte<\/p>","protected":false},"featured_media":13057,"comment_status":"open","ping_status":"closed","template":"","meta":{"_acf_changed":false,"_seopress_robots_primary_cat":"none","_seopress_titles_title":"","_seopress_titles_desc":"","_seopress_robots_index":""},"product_cat":[57,21],"product_tag":[],"class_list":{"0":"post-947","1":"product","2":"type-product","3":"status-publish","4":"has-post-thumbnail","6":"product_cat-linea-femminile","7":"product_cat-lacca-ecologico","9":"first","10":"instock","11":"purchasable","12":"product-type-simple"},"acf":[],"_links":{"self":[{"href":"https:\/\/nueva.milanocosmetics.it\/fr\/wp-json\/wp\/v2\/product\/947","targetHints":{"allow":["GET"]}}],"collection":[{"href":"https:\/\/nueva.milanocosmetics.it\/fr\/wp-json\/wp\/v2\/product"}],"about":[{"href":"https:\/\/nueva.milanocosmetics.it\/fr\/wp-json\/wp\/v2\/types\/product"}],"replies":[{"embeddable":true,"href":"https:\/\/nueva.milanocosmetics.it\/fr\/wp-json\/wp\/v2\/comments?post=947"}],"version-history":[{"count":0,"href":"https:\/\/nueva.milanocosmetics.it\/fr\/wp-json\/wp\/v2\/product\/947\/revisions"}],"wp:featuredmedia":[{"embeddable":true,"href":"https:\/\/nueva.milanocosmetics.it\/fr\/wp-json\/wp\/v2\/media\/13057"}],"wp:attachment":[{"href":"https:\/\/nueva.milanocosmetics.it\/fr\/wp-json\/wp\/v2\/media?parent=947"}],"wp:term":[{"taxonomy":"product_cat","embeddable":true,"href":"https:\/\/nueva.milanocosmetics.it\/fr\/wp-json\/wp\/v2\/product_cat?post=947"},{"taxonomy":"product_tag","embeddable":true,"href":"https:\/\/nueva.milanocosmetics.it\/fr\/wp-json\/wp\/v2\/product_tag?post=947"}],"curies":[{"name":"wp","href":"https:\/\/api.w.org\/{rel}","templated":true}]}}