{"id":961,"date":"2020-03-27T09:41:01","date_gmt":"2020-03-27T08:41:01","guid":{"rendered":"https:\/\/nueva.milanocosmetics.it\/?post_type=product&#038;p=961"},"modified":"2024-11-28T09:35:50","modified_gmt":"2024-11-28T08:35:50","slug":"maschera-arandanos-1000ml","status":"publish","type":"product","link":"https:\/\/nueva.milanocosmetics.it\/fr\/producto\/masque-aux-myrtilles-1000ml\/","title":{"rendered":"MASQUE \u00c0 LA MYRTILLE 1000ml"},"content":{"rendered":"<p><span style=\"color: #000000;\">Ce masque capillaire apporte douceur, vitalit\u00e9 et \u00e9nergie \u00e0 tous les types de cheveux. Parfum de myrtille. L'absorption rapide garantit son efficacit\u00e9 et rend vos cheveux plus lisses.\u00a0<\/span><\/p>\n<p><span style=\"color: #000000;\">Propri\u00e9t\u00e9s :<\/span><\/p>\n<ul>\n<li><span style=\"color: #000000;\">Saveur de myrtille<\/span><\/li>\n<li><span style=\"color: #000000;\">Apporte douceur et vitalit\u00e9<\/span><\/li>\n<\/ul>","protected":false},"excerpt":{"rendered":"<p><span style=\"color: #000000;\">Hydrate et adoucit les cheveux<\/span><\/p>","protected":false},"featured_media":1414,"comment_status":"open","ping_status":"closed","template":"","meta":{"_acf_changed":false,"_seopress_robots_primary_cat":"none","_seopress_titles_title":"","_seopress_titles_desc":"","_seopress_robots_index":""},"product_cat":[57,24],"product_tag":[],"class_list":{"0":"post-961","1":"product","2":"type-product","3":"status-publish","4":"has-post-thumbnail","6":"product_cat-linea-femminile","7":"product_cat-maschera","9":"first","10":"instock","11":"purchasable","12":"product-type-simple"},"acf":[],"_links":{"self":[{"href":"https:\/\/nueva.milanocosmetics.it\/fr\/wp-json\/wp\/v2\/product\/961","targetHints":{"allow":["GET"]}}],"collection":[{"href":"https:\/\/nueva.milanocosmetics.it\/fr\/wp-json\/wp\/v2\/product"}],"about":[{"href":"https:\/\/nueva.milanocosmetics.it\/fr\/wp-json\/wp\/v2\/types\/product"}],"replies":[{"embeddable":true,"href":"https:\/\/nueva.milanocosmetics.it\/fr\/wp-json\/wp\/v2\/comments?post=961"}],"version-history":[{"count":0,"href":"https:\/\/nueva.milanocosmetics.it\/fr\/wp-json\/wp\/v2\/product\/961\/revisions"}],"wp:featuredmedia":[{"embeddable":true,"href":"https:\/\/nueva.milanocosmetics.it\/fr\/wp-json\/wp\/v2\/media\/1414"}],"wp:attachment":[{"href":"https:\/\/nueva.milanocosmetics.it\/fr\/wp-json\/wp\/v2\/media?parent=961"}],"wp:term":[{"taxonomy":"product_cat","embeddable":true,"href":"https:\/\/nueva.milanocosmetics.it\/fr\/wp-json\/wp\/v2\/product_cat?post=961"},{"taxonomy":"product_tag","embeddable":true,"href":"https:\/\/nueva.milanocosmetics.it\/fr\/wp-json\/wp\/v2\/product_tag?post=961"}],"curies":[{"name":"wp","href":"https:\/\/api.w.org\/{rel}","templated":true}]}}