{"id":984,"date":"2021-03-04T09:31:42","date_gmt":"2021-03-04T08:31:42","guid":{"rendered":"https:\/\/nueva.milanocosmetics.it\/?post_type=product&#038;p=984"},"modified":"2024-11-28T09:22:50","modified_gmt":"2024-11-28T08:22:50","slug":"spray-idratante-fissaggio-normale-250ml","status":"publish","type":"product","link":"https:\/\/nueva.milanocosmetics.it\/fr\/producto\/spray-hydratant-fixation-normale-250ml\/","title":{"rendered":"Spray Hydratant - Fixation Normale"},"content":{"rendered":"<p><span style=\"color: #000000;\">Spray volumisant \u00e0 tenue forte pour un effet liftant doux, une fixation et un volume, polyvalent et \u00e0 s\u00e9chage rapide, une spray unique non gazeux pour le coiffage et la finition de toutes les coiffures. Les polym\u00e8res fixateurs cr\u00e9ent un effet filmog\u00e8ne et flexible autour des cheveux, ce qui permet de conserver la coiffure plus longtemps. Ne laisse aucun r\u00e9sidu et s'\u00e9limine facilement \u00e0 la brosse.<\/span><\/p>","protected":false},"excerpt":{"rendered":"<p><span style=\"color: #000000;\">Scellage sans r\u00e9sidus<\/span><\/p>","protected":false},"featured_media":18288,"comment_status":"open","ping_status":"closed","template":"","meta":{"_acf_changed":false,"_seopress_robots_primary_cat":"none","_seopress_titles_title":"","_seopress_titles_desc":"","_seopress_robots_index":""},"product_cat":[60,26],"product_tag":[],"class_list":{"0":"post-984","1":"product","2":"type-product","3":"status-publish","4":"has-post-thumbnail","6":"product_cat-spray-linea-maschile","7":"product_cat-linea-maschile","9":"first","10":"instock","11":"purchasable","12":"product-type-simple"},"acf":[],"_links":{"self":[{"href":"https:\/\/nueva.milanocosmetics.it\/fr\/wp-json\/wp\/v2\/product\/984","targetHints":{"allow":["GET"]}}],"collection":[{"href":"https:\/\/nueva.milanocosmetics.it\/fr\/wp-json\/wp\/v2\/product"}],"about":[{"href":"https:\/\/nueva.milanocosmetics.it\/fr\/wp-json\/wp\/v2\/types\/product"}],"replies":[{"embeddable":true,"href":"https:\/\/nueva.milanocosmetics.it\/fr\/wp-json\/wp\/v2\/comments?post=984"}],"version-history":[{"count":0,"href":"https:\/\/nueva.milanocosmetics.it\/fr\/wp-json\/wp\/v2\/product\/984\/revisions"}],"wp:featuredmedia":[{"embeddable":true,"href":"https:\/\/nueva.milanocosmetics.it\/fr\/wp-json\/wp\/v2\/media\/18288"}],"wp:attachment":[{"href":"https:\/\/nueva.milanocosmetics.it\/fr\/wp-json\/wp\/v2\/media?parent=984"}],"wp:term":[{"taxonomy":"product_cat","embeddable":true,"href":"https:\/\/nueva.milanocosmetics.it\/fr\/wp-json\/wp\/v2\/product_cat?post=984"},{"taxonomy":"product_tag","embeddable":true,"href":"https:\/\/nueva.milanocosmetics.it\/fr\/wp-json\/wp\/v2\/product_tag?post=984"}],"curies":[{"name":"wp","href":"https:\/\/api.w.org\/{rel}","templated":true}]}}