{"id":987,"date":"2021-03-04T09:31:41","date_gmt":"2021-03-04T08:31:41","guid":{"rendered":"https:\/\/nueva.milanocosmetics.it\/?post_type=product&#038;p=987"},"modified":"2024-11-28T09:22:50","modified_gmt":"2024-11-28T08:22:50","slug":"shampoo-zero-anti-dandruff-uomo-250ml","status":"publish","type":"product","link":"https:\/\/nueva.milanocosmetics.it\/fr\/producto\/shampooing-zero-anti-graisse-homme-250ml\/","title":{"rendered":"SHAMPOOING Z\u00c9RO ANTI-GRAISSE 250ml"},"content":{"rendered":"<p><span style=\"color: #000000;\">Shampooing \u00e9quilibrant pour la peau grasse \u00e0 base d'huile de Moringa et d'Aloe Vera. Deux excellents principes actifs naturels aux propri\u00e9t\u00e9s purifiantes. Le traitement contrecarre la production excessive de s\u00e9bum et rend les cheveux doux, soyeux et bien nourris de la racine aux pointes, sans exc\u00e8s de gras.<\/span><\/p>","protected":false},"excerpt":{"rendered":"<p><span style=\"color: #000000;\">Combat les pellicules des cheveux et de la barbe<\/span><\/p>","protected":false},"featured_media":1223,"comment_status":"open","ping_status":"closed","template":"","meta":{"_acf_changed":false,"_seopress_robots_primary_cat":"none","_seopress_titles_title":"","_seopress_titles_desc":"","_seopress_robots_index":""},"product_cat":[58,26],"product_tag":[],"class_list":{"0":"post-987","1":"product","2":"type-product","3":"status-publish","4":"has-post-thumbnail","6":"product_cat-shampoo-linea-maschile","7":"product_cat-linea-maschile","9":"first","10":"instock","11":"purchasable","12":"product-type-simple"},"acf":[],"_links":{"self":[{"href":"https:\/\/nueva.milanocosmetics.it\/fr\/wp-json\/wp\/v2\/product\/987","targetHints":{"allow":["GET"]}}],"collection":[{"href":"https:\/\/nueva.milanocosmetics.it\/fr\/wp-json\/wp\/v2\/product"}],"about":[{"href":"https:\/\/nueva.milanocosmetics.it\/fr\/wp-json\/wp\/v2\/types\/product"}],"replies":[{"embeddable":true,"href":"https:\/\/nueva.milanocosmetics.it\/fr\/wp-json\/wp\/v2\/comments?post=987"}],"version-history":[{"count":0,"href":"https:\/\/nueva.milanocosmetics.it\/fr\/wp-json\/wp\/v2\/product\/987\/revisions"}],"wp:featuredmedia":[{"embeddable":true,"href":"https:\/\/nueva.milanocosmetics.it\/fr\/wp-json\/wp\/v2\/media\/1223"}],"wp:attachment":[{"href":"https:\/\/nueva.milanocosmetics.it\/fr\/wp-json\/wp\/v2\/media?parent=987"}],"wp:term":[{"taxonomy":"product_cat","embeddable":true,"href":"https:\/\/nueva.milanocosmetics.it\/fr\/wp-json\/wp\/v2\/product_cat?post=987"},{"taxonomy":"product_tag","embeddable":true,"href":"https:\/\/nueva.milanocosmetics.it\/fr\/wp-json\/wp\/v2\/product_tag?post=987"}],"curies":[{"name":"wp","href":"https:\/\/api.w.org\/{rel}","templated":true}]}}